{"id":560,"date":"2023-05-17T07:42:38","date_gmt":"2023-05-17T06:42:38","guid":{"rendered":"http:\/\/www.boursedeslivres.com\/?page_id=560"},"modified":"2025-06-27T12:27:42","modified_gmt":"2025-06-27T11:27:42","slug":"comment-participer-et-pourquoi","status":"publish","type":"page","link":"https:\/\/www.boursedeslivres.com\/?page_id=560","title":{"rendered":"Comment participer"},"content":{"rendered":"\n<figure class=\"wp-block-image\"><img loading=\"lazy\" decoding=\"async\" width=\"300\" height=\"103\" src=\"https:\/\/www.boursedeslivres.com\/wp-content\/uploads\/2016\/07\/deroule-300x103.jpeg\" alt=\"\" class=\"wp-image-332\" srcset=\"https:\/\/www.boursedeslivres.com\/wp-content\/uploads\/2016\/07\/deroule-300x103.jpeg 300w, https:\/\/www.boursedeslivres.com\/wp-content\/uploads\/2016\/07\/deroule-768x265.jpeg 768w, https:\/\/www.boursedeslivres.com\/wp-content\/uploads\/2016\/07\/deroule-1024x353.jpeg 1024w, https:\/\/www.boursedeslivres.com\/wp-content\/uploads\/2016\/07\/deroule.jpeg 1160w\" sizes=\"auto, (max-width: 300px) 100vw, 300px\" \/><\/figure>\n\n\n\n<h2 class=\"wp-block-heading\"><mark style=\"background-color:rgba(0, 0, 0, 0)\" class=\"has-inline-color has-vivid-purple-color\">Planning pr\u00e9visionnel 2025<strong> <\/strong><\/mark><\/h2>\n\n\n\n<p><strong>Les restitutions et les distributions des manuels auront lieu respectivement du <mark style=\"background-color:rgba(0, 0, 0, 0)\" class=\"has-inline-color has-luminous-vivid-orange-color\">26 juin au 1er juillet 2025 et d\u00e9but septembre 2025 (la 1\u00e8re semaine de la rentr\u00e9e)<\/mark>. Pendant toute cette p\u00e9riode de nombreuses t\u00e2ches seront \u00e0 r\u00e9aliser.<\/strong><\/p>\n\n\n\n<p>Cela n\u00e9cessite une participation active de nombreux parents. Si vous n&rsquo;avez pas encore transmis vos coordonn\u00e9es, merci de faire part de votre volont\u00e9 de nous aider en nous envoyant un mail sur bal.berthollet@gmail.com ou <a href=\"https:\/\/www.boursedeslivres.com\/?page_id=15\">via notre formulaire de contact .<\/a> Nous vous ajouterons \u00e0 notre liste de b\u00e9n\u00e9voles et vous serez destinataire des mails d&rsquo;informations et des plannings \u00ab\u00a0framadate\u00a0\u00bb.<\/p>\n\n\n\n<h2 class=\"wp-block-heading\"><mark style=\"background-color:rgba(0, 0, 0, 0)\" class=\"has-inline-color has-vivid-purple-color\">Bilan 2024<\/mark><\/h2>\n\n\n\n<p class=\"has-text-align-left\">La Bourse Aux Livres du Lyc\u00e9e Berthollet (<strong>BALB<\/strong>) est une association ind\u00e9pendante, constitu\u00e9e de parents volontaires et b\u00e9n\u00e9voles. Elle organise depuis 2002, les achats et les ventes des livres entre \u00e9l\u00e8ves et depuis 2019 la r\u00e9ception, la distribution et la restitution des manuels neufs achet\u00e9s par la R\u00e9gion Auvergne Rh\u00f4ne Alpes.<\/p>\n\n\n\n<p><strong>En 2024 :<\/strong><\/p>\n\n\n\n<p>-Pr\u00e8s de <strong>15 000 livres sont g\u00e9r\u00e9s par l&rsquo;association 2 fois dans l&rsquo;ann\u00e9e (en distribution et en restitution). Ils ont \u00e9t\u00e9 exemplaris\u00e9s et sont enregistr\u00e9s chaque ann\u00e9e gr\u00e2ce \u00e0 des codes-barres rattach\u00e9s \u00e0 la carte Pass&rsquo;R\u00e9gion de chaque \u00e9l\u00e8ve. <\/strong>Nous fonctionnons comme une biblioth\u00e8que informatiquement parlant.<\/p>\n\n\n\n<p>-Pr\u00e8s de <strong>30<\/strong> b\u00e9n\u00e9voles ont permis l&rsquo;organisation des journ\u00e9es<\/p>\n\n\n\n<p>&#8211;<strong>Plus de 1400<\/strong> \u00e9l\u00e8ves ont \u00e9t\u00e9 g\u00e9r\u00e9s par l&rsquo;association.<\/p>\n\n\n\n<h1 class=\"wp-block-heading\"><span style=\"color: #ff6600;\"><strong>Merci \u00e0 vous TOUS!<\/strong><\/span><\/h1>\n\n\n\n<p>&nbsp;<\/p>\n","protected":false},"excerpt":{"rendered":"<p>Planning pr\u00e9visionnel 2025 Les restitutions et les distributions des manuels auront lieu respectivement du 26 juin au 1er juillet 2025 et d\u00e9but septembre 2025 (la 1\u00e8re semaine de la rentr\u00e9e). \u2026 <a class=\"continue-reading-link\" href=\"https:\/\/www.boursedeslivres.com\/?page_id=560\">Lire la suite <span class=\"meta-nav\">&rarr; <\/span><\/a><\/p>\n","protected":false},"author":5,"featured_media":0,"parent":0,"menu_order":4,"comment_status":"closed","ping_status":"closed","template":"","meta":{"two_page_speed":[],"footnotes":""},"class_list":["post-560","page","type-page","status-publish","hentry"],"_links":{"self":[{"href":"https:\/\/www.boursedeslivres.com\/index.php?rest_route=\/wp\/v2\/pages\/560","targetHints":{"allow":["GET"]}}],"collection":[{"href":"https:\/\/www.boursedeslivres.com\/index.php?rest_route=\/wp\/v2\/pages"}],"about":[{"href":"https:\/\/www.boursedeslivres.com\/index.php?rest_route=\/wp\/v2\/types\/page"}],"author":[{"embeddable":true,"href":"https:\/\/www.boursedeslivres.com\/index.php?rest_route=\/wp\/v2\/users\/5"}],"replies":[{"embeddable":true,"href":"https:\/\/www.boursedeslivres.com\/index.php?rest_route=%2Fwp%2Fv2%2Fcomments&post=560"}],"version-history":[{"count":38,"href":"https:\/\/www.boursedeslivres.com\/index.php?rest_route=\/wp\/v2\/pages\/560\/revisions"}],"predecessor-version":[{"id":2029,"href":"https:\/\/www.boursedeslivres.com\/index.php?rest_route=\/wp\/v2\/pages\/560\/revisions\/2029"}],"wp:attachment":[{"href":"https:\/\/www.boursedeslivres.com\/index.php?rest_route=%2Fwp%2Fv2%2Fmedia&parent=560"}],"curies":[{"name":"wp","href":"https:\/\/api.w.org\/{rel}","templated":true}]}}