{"id":1968,"date":"2024-03-19T14:53:01","date_gmt":"2024-03-19T13:53:01","guid":{"rendered":"https:\/\/www.boursedeslivres.com\/?page_id=1968"},"modified":"2024-03-19T15:11:36","modified_gmt":"2024-03-19T14:11:36","slug":"presentation-de-notre-association","status":"publish","type":"page","link":"https:\/\/www.boursedeslivres.com\/?page_id=1968","title":{"rendered":"Pr\u00e9sentation de notre association"},"content":{"rendered":"\n<p><strong>Gr\u00e2ce au financement de la R\u00e9gion Auvergne Rh\u00f4ne Alpes<\/strong>, les \u00e9l\u00e8ves du lyc\u00e9e Berthollet et leurs familles b\u00e9n\u00e9ficient de la&nbsp;<strong>gratuit\u00e9<\/strong>&nbsp;des manuels scolaires qui leur sont pr\u00eat\u00e9s.<\/p>\n\n\n\n<p>Notre association BALB (ind\u00e9pendante des f\u00e9d\u00e9rations de parents d\u2019\u00e9l\u00e8ves) s\u2019occupe de&nbsp;<strong>distribuer<\/strong>&nbsp;les manuels en septembre et de les&nbsp;<strong>r\u00e9cup\u00e9rer<\/strong>&nbsp;en juin. Nous&nbsp;<strong>g\u00e9rons les livre<\/strong>s affect\u00e9s auparavant par la R\u00e9gion ainsi que ceux command\u00e9s neufs en r\u00e9assort en cas de variation des effectifs. Nous&nbsp;<strong>enregistrons<\/strong>&nbsp;les livres en entr\u00e9e via la carte Pass\u2019R\u00e9gion de chaque \u00e9l\u00e8ve en septembre et en sortie fin juin sur l\u2019application internet de la R\u00e9gion. Nous&nbsp;<strong>v\u00e9rifions<\/strong>&nbsp;l\u2019\u00e9tat des livres rendus sachant qu\u2019une p\u00e9nalit\u00e9 sera appliqu\u00e9e par la R\u00e9gion en cas de livre inutilisable. La R\u00e9gion sanctionne \u00e9galement les \u00e9l\u00e8ves qui ne rendent pas tous leurs livres.<\/p>\n\n\n\n<p>Nous&nbsp;<strong>aidons<\/strong>&nbsp;les \u00e9l\u00e8ves et les familles qui ont des difficult\u00e9s \u00e0 commander leur carte Pass\u2019R\u00e9gion. Nous apportons une assistance technique ou nous contactons la R\u00e9gion pour les probl\u00e8mes rencontr\u00e9s.<\/p>\n\n\n\n<p>Nous&nbsp;<strong>g\u00e9rons les stocks<\/strong>&nbsp;de livres avec un suivi et un inventaire annuel.<\/p>\n\n\n\n<p>Nous venons au lyc\u00e9e pour distribuer les livres aux \u00e9l\u00e8ves qui arrivent&nbsp;<strong>en cours d\u2019ann\u00e9e<\/strong>&nbsp;et nous venons r\u00e9cup\u00e9rer les livres des \u00e9l\u00e8ves qui partent en cours d\u2019ann\u00e9e.<\/p>\n\n\n\n<p><strong>Pr\u00e8s de 15000 livres<\/strong>&nbsp;sont g\u00e9r\u00e9s par notre association. Nos activit\u00e9s vont&nbsp;<strong>de l\u2019installation de la salle \u00e0 son d\u00e9m\u00e9nagement<\/strong>&nbsp;en passant par l\u2019<strong>accueil<\/strong>&nbsp;des \u00e9l\u00e8ves, la&nbsp;<strong>manutention<\/strong>, la&nbsp;<strong>pr\u00e9paration de la pile de livres<\/strong>&nbsp;pour chaque \u00e9l\u00e8ve suivant ses langues et ses sp\u00e9cialit\u00e9s, le&nbsp;<strong>travail sur ordinateur<\/strong>&nbsp;ou sur&nbsp;<strong>nos fiches<\/strong>&nbsp;\u00e9l\u00e8ves,&nbsp;<strong>le suivi et la relance pour les livres non rendus<\/strong>, les cas particuliers \u00e0 traiter, l\u2019<strong>assistance<\/strong>&nbsp;aux \u00e9l\u00e8ves ou aux familles\u2026<\/p>\n\n\n\n<p>Mais&nbsp;<strong><mark style=\"background-color:rgba(0, 0, 0, 0)\" class=\"has-inline-color has-vivid-cyan-blue-color\">ce que nous retenons avant tout, ce sont les bons moments pass\u00e9s ensemble et aux c\u00f4t\u00e9s des jeunes<\/mark> !<\/strong><\/p>\n\n\n\n<figure class=\"wp-block-image size-large\"><img decoding=\"async\" src=\"https:\/\/www.boursedeslivres.com\/wp-content\/uploads\/2022\/04\/20210906_125025_029-scaled.jpg\" alt=\"\"\/><\/figure>\n\n\n\n<p><strong>Une partie de l\u2019\u00e9quipe de la Bourse aux Livres<\/strong>\u00a0de septembre 2021.<\/p>\n\n\n\n<figure class=\"wp-block-image size-large\"><img decoding=\"async\" src=\"https:\/\/www.boursedeslivres.com\/wp-content\/uploads\/2022\/04\/20210903_151727-scaled.jpg\" alt=\"\"\/><\/figure>\n\n\n\n<p><strong>Les manuels g\u00e9r\u00e9s par l\u2019\u00e9quipe !<\/strong><\/p>\n\n\n\n<figure class=\"wp-block-image size-large\"><img decoding=\"async\" src=\"https:\/\/www.boursedeslivres.com\/wp-content\/uploads\/2022\/04\/20210630_181840-scaled.jpg\" alt=\"\"\/><\/figure>\n\n\n\n<figure class=\"wp-block-image size-large\"><img decoding=\"async\" src=\"https:\/\/www.boursedeslivres.com\/wp-content\/uploads\/2022\/04\/20210906_143526-scaled.jpg\" alt=\"\"\/><\/figure>\n\n\n\n<figure class=\"wp-block-image size-large\"><img decoding=\"async\" src=\"https:\/\/www.boursedeslivres.com\/wp-content\/uploads\/2022\/04\/20210906_143650-scaled.jpg\" alt=\"\"\/><\/figure>\n\n\n\n<p><strong>L\u2019\u00e9quipe qui remplit les fiches \u00e9l\u00e8ves et distribue les livres<\/strong>.<\/p>\n\n\n\n<figure class=\"wp-block-image size-large\"><img decoding=\"async\" src=\"https:\/\/www.boursedeslivres.com\/wp-content\/uploads\/2022\/04\/20210906_143702-scaled.jpg\" alt=\"\"\/><\/figure>\n\n\n\n<p><strong>L\u2019\u00e9quipe qui s\u2019occupe de l\u2019enregistrement des livres- Chaque carte Pass\u2019R\u00e9gion est scann\u00e9e puis chaque livre gr\u00e2ce \u00e0 son code-barres<\/strong>.<\/p>\n\n\n\n<figure class=\"wp-block-image size-large is-resized\"><img decoding=\"async\" src=\"https:\/\/www.boursedeslivres.com\/wp-content\/uploads\/2022\/04\/IMG_6189.jpg\" alt=\"\" style=\"width:524px;height:auto\"\/><\/figure>\n\n\n\n<p><strong>Les bureaux d\u2019accueil<\/strong>.<\/p>\n\n\n\n<figure class=\"wp-block-image size-large\"><img decoding=\"async\" src=\"https:\/\/www.boursedeslivres.com\/wp-content\/uploads\/2022\/04\/20210907_114908-1-scaled.jpg\" alt=\"\"\/><\/figure>\n\n\n\n<p><strong>Avant leur d\u00e9part, nous demandons aux \u00e9l\u00e8ves de noter leurs nom, pr\u00e9nom, classe, ann\u00e9e scolaire sur l\u2019\u00e9tiquette \u00e0 l\u2019int\u00e9rieur des livres<\/strong>.<\/p>\n","protected":false},"excerpt":{"rendered":"<p>Gr\u00e2ce au financement de la R\u00e9gion Auvergne Rh\u00f4ne Alpes, les \u00e9l\u00e8ves du lyc\u00e9e Berthollet et leurs familles b\u00e9n\u00e9ficient de la&nbsp;gratuit\u00e9&nbsp;des manuels scolaires qui leur sont pr\u00eat\u00e9s. Notre association BALB (ind\u00e9pendante \u2026 <a class=\"continue-reading-link\" href=\"https:\/\/www.boursedeslivres.com\/?page_id=1968\">Lire la suite <span class=\"meta-nav\">&rarr; <\/span><\/a><\/p>\n","protected":false},"author":5,"featured_media":0,"parent":0,"menu_order":6,"comment_status":"closed","ping_status":"closed","template":"","meta":{"two_page_speed":[],"footnotes":""},"class_list":["post-1968","page","type-page","status-publish","hentry"],"_links":{"self":[{"href":"https:\/\/www.boursedeslivres.com\/index.php?rest_route=\/wp\/v2\/pages\/1968","targetHints":{"allow":["GET"]}}],"collection":[{"href":"https:\/\/www.boursedeslivres.com\/index.php?rest_route=\/wp\/v2\/pages"}],"about":[{"href":"https:\/\/www.boursedeslivres.com\/index.php?rest_route=\/wp\/v2\/types\/page"}],"author":[{"embeddable":true,"href":"https:\/\/www.boursedeslivres.com\/index.php?rest_route=\/wp\/v2\/users\/5"}],"replies":[{"embeddable":true,"href":"https:\/\/www.boursedeslivres.com\/index.php?rest_route=%2Fwp%2Fv2%2Fcomments&post=1968"}],"version-history":[{"count":3,"href":"https:\/\/www.boursedeslivres.com\/index.php?rest_route=\/wp\/v2\/pages\/1968\/revisions"}],"predecessor-version":[{"id":1973,"href":"https:\/\/www.boursedeslivres.com\/index.php?rest_route=\/wp\/v2\/pages\/1968\/revisions\/1973"}],"wp:attachment":[{"href":"https:\/\/www.boursedeslivres.com\/index.php?rest_route=%2Fwp%2Fv2%2Fmedia&parent=1968"}],"curies":[{"name":"wp","href":"https:\/\/api.w.org\/{rel}","templated":true}]}}